{"id":164,"date":"2024-07-27T22:12:40","date_gmt":"2024-07-27T19:12:40","guid":{"rendered":"https:\/\/pioneerherbal.skelteri.fi\/cart\/"},"modified":"2024-09-15T13:20:28","modified_gmt":"2024-09-15T10:20:28","slug":"cart","status":"publish","type":"page","link":"https:\/\/pioneerherbalfinland.com\/en\/cart\/","title":{"rendered":"Cart"},"content":{"rendered":"\t\t<div data-elementor-type=\"wp-page\" data-elementor-id=\"164\" class=\"elementor elementor-164\" data-elementor-post-type=\"page\">\n\t\t\t\t<div class=\"elementor-element elementor-element-0036e98 e-flex e-con-boxed e-con e-parent\" data-id=\"0036e98\" data-element_type=\"container\" data-e-type=\"container\" data-settings=\"{&quot;background_background&quot;:&quot;classic&quot;}\">\n\t\t\t\t\t<div class=\"e-con-inner\">\n\t\t\t\t<div class=\"elementor-element elementor-element-2377eb1 elementor-widget__width-initial elementor-widget-mobile__width-inherit elementor-widget elementor-widget-heading\" data-id=\"2377eb1\" data-element_type=\"widget\" data-e-type=\"widget\" data-widget_type=\"heading.default\">\n\t\t\t\t<div class=\"elementor-widget-container\">\n\t\t\t\t\t<h2 class=\"elementor-heading-title elementor-size-default\">Cart<\/h2>\t\t\t\t<\/div>\n\t\t\t\t<\/div>\n\t\t\t\t\t<\/div>\n\t\t\t\t<\/div>\n\t\t<div class=\"elementor-element elementor-element-89c86e1 e-flex e-con-boxed e-con e-parent\" data-id=\"89c86e1\" data-element_type=\"container\" data-e-type=\"container\">\n\t\t\t\t\t<div class=\"e-con-inner\">\n\t\t\t\t\t<\/div>\n\t\t\t\t<\/div>\n\t\t\t\t<\/div>\n\t\t","protected":false},"excerpt":{"rendered":"<p>Cart Poista kohde Pikkukuva Tuote Hinta M\u00e4\u00e4r\u00e4 V\u00e4lisumma &times; Wound Care &#8211; 10 ml 5,90&nbsp;&euro; Wound Care &#8211; 10 ml&nbsp; m\u00e4\u00e4r\u00e4 5,90&nbsp;&euro; Apply coupon Total V\u00e4lisumma 5,90&nbsp;&euro; Yhteens\u00e4 5,90&nbsp;&euro; (sis\u00e4lt\u00e4\u00e4 1,20&nbsp;&euro; Alv.) Proceed to Checkout<\/p>\n","protected":false},"author":2,"featured_media":0,"parent":0,"menu_order":0,"comment_status":"closed","ping_status":"closed","template":"","meta":{"footnotes":""},"class_list":["post-164","page","type-page","status-publish","hentry"],"_links":{"self":[{"href":"https:\/\/pioneerherbalfinland.com\/en\/wp-json\/wp\/v2\/pages\/164","targetHints":{"allow":["GET"]}}],"collection":[{"href":"https:\/\/pioneerherbalfinland.com\/en\/wp-json\/wp\/v2\/pages"}],"about":[{"href":"https:\/\/pioneerherbalfinland.com\/en\/wp-json\/wp\/v2\/types\/page"}],"author":[{"embeddable":true,"href":"https:\/\/pioneerherbalfinland.com\/en\/wp-json\/wp\/v2\/users\/2"}],"replies":[{"embeddable":true,"href":"https:\/\/pioneerherbalfinland.com\/en\/wp-json\/wp\/v2\/comments?post=164"}],"version-history":[{"count":36,"href":"https:\/\/pioneerherbalfinland.com\/en\/wp-json\/wp\/v2\/pages\/164\/revisions"}],"predecessor-version":[{"id":980,"href":"https:\/\/pioneerherbalfinland.com\/en\/wp-json\/wp\/v2\/pages\/164\/revisions\/980"}],"wp:attachment":[{"href":"https:\/\/pioneerherbalfinland.com\/en\/wp-json\/wp\/v2\/media?parent=164"}],"curies":[{"name":"wp","href":"https:\/\/api.w.org\/{rel}","templated":true}]}}